{"id":3918,"date":"2026-02-24T19:50:02","date_gmt":"2026-02-25T01:50:02","guid":{"rendered":"https:\/\/laboratoriosanderson.com\/?page_id=3918"},"modified":"2026-02-26T22:12:45","modified_gmt":"2026-02-27T04:12:45","slug":"analisis-veterinarios","status":"publish","type":"page","link":"https:\/\/laboratoriosanderson.com\/br\/analisis-veterinarios\/","title":{"rendered":"\u25b6 An\u00e1lises Veterin\u00e1rias"},"content":{"rendered":"<p>[vc_row full_width=&#8221;stretch_row&#8221;][vc_column]<section class=\"cover  image-slider slider-all-controls controls-inside parallax\" style=\"height: 500px;\"><ul class=\"slides\"><li class=\"overlay image-bg\" style=\"height: 500px;\"><div class=\"background-image-holder\"><img loading=\"lazy\" decoding=\"async\" width=\"1300\" height=\"866\" src=\"https:\/\/laboratoriosanderson.com\/wp-content\/uploads\/2018\/10\/analisis-quimico-de-fertilizantes-min.jpg\" class=\"background-image\" alt=\"\" srcset=\"https:\/\/laboratoriosanderson.com\/wp-content\/uploads\/2018\/10\/analisis-quimico-de-fertilizantes-min.jpg 1300w, https:\/\/laboratoriosanderson.com\/wp-content\/uploads\/2018\/10\/analisis-quimico-de-fertilizantes-min-300x200.jpg 300w, https:\/\/laboratoriosanderson.com\/wp-content\/uploads\/2018\/10\/analisis-quimico-de-fertilizantes-min-768x512.jpg 768w, https:\/\/laboratoriosanderson.com\/wp-content\/uploads\/2018\/10\/analisis-quimico-de-fertilizantes-min-1024x682.jpg 1024w, https:\/\/laboratoriosanderson.com\/wp-content\/uploads\/2018\/10\/analisis-quimico-de-fertilizantes-min-600x400.jpg 600w\" sizes=\"(max-width: 1300px) 100vw, 1300px\" \/><\/div>\t\n\t\t    <div class=\"container v-align-transform\">\n\t\t        <div class=\"row\">\n\t\t            <div class=\"col-md-12 col-sm-12\">\n\t\t                <\/p>\n<h1>An\u00e1lises Veterin\u00e1rias<\/h1>\n<p>\n\n\t\t            <\/div>\n\t\t        <\/div>\n\t\t    <\/div>\n\t\t<\/li><\/ul><\/section>[\/vc_column][\/vc_row][vc_row foundry_padding=&#8221;pt0 pb0&#8243; foundry_parallax=&#8221;not-parallax&#8221; css=&#8221;.vc_custom_1712936454555{margin-bottom: 0px !important;border-bottom-width: 0px !important;padding-bottom: 0px !important;background-image: url(http:\/\/laboratoriosanderson.com\/wp-content\/uploads\/2024\/04\/Fondo-fertilizante-Plagucidas.png?id=3283) !important;}&#8221;][vc_column css_animation=&#8221;fadeIn&#8221;][vc_column_text]Os produtos veterin\u00e1rios s\u00e3o fundamentais para a sa\u00fade animal, a produtividade pecu\u00e1ria e a seguran\u00e7a alimentar, devendo, portanto, atender a rigorosos padr\u00f5es de qualidade, seguran\u00e7a e efic\u00e1cia.<\/p>\n<p>Na Anderson Laboratories, atuamos como um laborat\u00f3rio independente, oferecendo avalia\u00e7\u00e3o anal\u00edtica e suporte regulat\u00f3rio que garante a conformidade com as normas e o desempenho de medicamentos, produtos biol\u00f3gicos, desinfetantes, suplementos e produtos de origem animal ao longo de todo o seu ciclo de vida.<\/p>\n<p>Realizamos an\u00e1lises f\u00edsico-qu\u00edmicas, estudos de estabilidade, testes de cinco lotes, an\u00e1lise de curvas de degrada\u00e7\u00e3o, testes microbiol\u00f3gicos e determina\u00e7\u00e3o de impurezas e metais pesados. Nossa acredita\u00e7\u00e3o garante rastreabilidade, rigor t\u00e9cnico e confian\u00e7a regulat\u00f3ria, consolidando nossa posi\u00e7\u00e3o como um parceiro estrat\u00e9gico em um setor altamente regulamentado.[\/vc_column_text][\/vc_column][\/vc_row]<\/p>\n","protected":false},"excerpt":{"rendered":"<p>[vc_row full_width=&#8221;stretch_row&#8221;][vc_column][\/vc_column][\/vc_row][vc_row foundry_padding=&#8221;pt0 pb0&#8243; foundry_parallax=&#8221;not-parallax&#8221; css=&#8221;.vc_custom_1712936454555{margin-bottom: 0px !important;border-bottom-width: 0px !important;padding-bottom: 0px !important;background-image: url(http:\/\/laboratoriosanderson.com\/wp-content\/uploads\/2024\/04\/Fondo-fertilizante-Plagucidas.png?id=3283) !important;}&#8221;][vc_column css_animation=&#8221;fadeIn&#8221;][vc_column_text]Os produtos veterin\u00e1rios s\u00e3o fundamentais para a&#8230;<\/p>\n","protected":false},"author":1,"featured_media":0,"parent":0,"menu_order":0,"comment_status":"closed","ping_status":"closed","template":"","meta":{"footnotes":""},"class_list":["post-3918","page","type-page","status-publish","hentry"],"translation":{"provider":"WPGlobus","version":"3.0.2","language":"br","enabled_languages":["mx","en","br","zh"],"languages":{"mx":{"title":true,"content":true,"excerpt":false},"en":{"title":true,"content":true,"excerpt":false},"br":{"title":true,"content":true,"excerpt":false},"zh":{"title":true,"content":true,"excerpt":false}}},"_links":{"self":[{"href":"https:\/\/laboratoriosanderson.com\/br\/wp-json\/wp\/v2\/pages\/3918"}],"collection":[{"href":"https:\/\/laboratoriosanderson.com\/br\/wp-json\/wp\/v2\/pages"}],"about":[{"href":"https:\/\/laboratoriosanderson.com\/br\/wp-json\/wp\/v2\/types\/page"}],"author":[{"embeddable":true,"href":"https:\/\/laboratoriosanderson.com\/br\/wp-json\/wp\/v2\/users\/1"}],"replies":[{"embeddable":true,"href":"https:\/\/laboratoriosanderson.com\/br\/wp-json\/wp\/v2\/comments?post=3918"}],"version-history":[{"count":6,"href":"https:\/\/laboratoriosanderson.com\/br\/wp-json\/wp\/v2\/pages\/3918\/revisions"}],"predecessor-version":[{"id":3945,"href":"https:\/\/laboratoriosanderson.com\/br\/wp-json\/wp\/v2\/pages\/3918\/revisions\/3945"}],"wp:attachment":[{"href":"https:\/\/laboratoriosanderson.com\/br\/wp-json\/wp\/v2\/media?parent=3918"}],"curies":[{"name":"wp","href":"https:\/\/api.w.org\/{rel}","templated":true}]}}