{"id":2650,"date":"2020-11-06T04:07:31","date_gmt":"2020-11-06T04:07:31","guid":{"rendered":"http:\/\/laboratoriosanderson.com\/?page_id=2650"},"modified":"2026-02-26T23:02:19","modified_gmt":"2026-02-27T05:02:19","slug":"servicios","status":"publish","type":"page","link":"http:\/\/laboratoriosanderson.com\/br\/servicios\/","title":{"rendered":"Servi\u00e7os"},"content":{"rendered":"<p>[vc_row full_width=&#8221;stretch_row&#8221;][vc_column]<section class=\"cover  image-slider slider-all-controls controls-inside parallax\" style=\"height: 500px;\"><ul class=\"slides\"><li class=\"overlay image-bg\" style=\"height: 500px;\"><div class=\"background-image-holder\"><img loading=\"lazy\" decoding=\"async\" width=\"1300\" height=\"617\" src=\"http:\/\/laboratoriosanderson.com\/wp-content\/uploads\/2018\/11\/servicio-laboratorios-analisis-quimicos-min-e1542153392791.jpg\" class=\"background-image\" alt=\"\" srcset=\"http:\/\/laboratoriosanderson.com\/wp-content\/uploads\/2018\/11\/servicio-laboratorios-analisis-quimicos-min-e1542153392791.jpg 1300w, http:\/\/laboratoriosanderson.com\/wp-content\/uploads\/2018\/11\/servicio-laboratorios-analisis-quimicos-min-e1542153392791-300x142.jpg 300w, http:\/\/laboratoriosanderson.com\/wp-content\/uploads\/2018\/11\/servicio-laboratorios-analisis-quimicos-min-e1542153392791-768x365.jpg 768w, http:\/\/laboratoriosanderson.com\/wp-content\/uploads\/2018\/11\/servicio-laboratorios-analisis-quimicos-min-e1542153392791-1024x486.jpg 1024w\" sizes=\"(max-width: 1300px) 100vw, 1300px\" \/><\/div>\t\n\t\t    <div class=\"container v-align-transform\">\n\t\t        <div class=\"row\">\n\t\t            <div class=\"col-md-12 col-sm-12\">\n\t\t                \n\t\t            <\/div>\n\t\t        <\/div>\n\t\t    <\/div>\n\t\t<\/li><\/ul><\/section>[\/vc_column][\/vc_row][vc_row css=&#8221;.vc_custom_1608749586150{margin-top: 0px !important;margin-bottom: 10px !important;padding-top: 10px !important;padding-bottom: 10px !important;}&#8221;][vc_column width=&#8221;1\/2&#8243;][vc_hoverbox image=&#8221;2718&#8243; primary_title=&#8221;Fertilizantes&#8221; hover_title=&#8221;&#8221; hover_background_color=&#8221;custom&#8221; hover_btn_title=&#8221;Veja mais informa\u00e7\u00f5es&#8221; hover_btn_style=&#8221;outline-custom&#8221; hover_btn_outline_custom_color=&#8221;#ffffff&#8221; hover_btn_outline_custom_hover_background=&#8221;#666666&#8243; hover_btn_outline_custom_hover_text=&#8221;#ffffff&#8221; hover_add_button=&#8221;true&#8221; hover_custom_background=&#8221;#4fb6e3&#8243; el_class=&#8221;title-ppal&#8221; hover_btn_link=&#8221;url:http%3A%2F%2Fwww.laboratoriosanderson.com%2Fbr%2Fanalisis-fertilizantes%2F|title:Fertilizantes||&#8221;]<span style=\"color: #ffffff;\">Garantimos a composi\u00e7\u00e3o de fertilizantes com metodologias que ajudam a garantir maior rendimento e menor impacto ecol\u00f3gico.<\/span>[\/vc_hoverbox][\/vc_column][vc_column width=&#8221;1\/2&#8243;][vc_hoverbox image=&#8221;2714&#8243; primary_title=&#8221;Pesticidas, biocidas e extratos bot\u00e2nicos&#8221; hover_title=&#8221;&#8221; hover_background_color=&#8221;custom&#8221; hover_btn_title=&#8221;Veja mais informa\u00e7\u00f5es&#8221; hover_btn_style=&#8221;outline-custom&#8221; hover_btn_outline_custom_color=&#8221;#ffffff&#8221; hover_btn_outline_custom_hover_background=&#8221;#666666&#8243; hover_btn_outline_custom_hover_text=&#8221;#ffffff&#8221; hover_add_button=&#8221;true&#8221; hover_custom_background=&#8221;#99cb98&#8243; el_class=&#8221;title-ppal&#8221; hover_btn_link=&#8221;url:http%3A%2F%2Fwww.laboratoriosanderson.com%2Fbr%2Fanalisis-plaguicidas%2F|title:Pesticidas||&#8221;]<span style=\"color: #ffffff;\">Avaliamos a estabilidade dos pesticidas para garantir que o meio ambiente permane\u00e7a em equil\u00edbrio.<\/span>[\/vc_hoverbox][\/vc_column][\/vc_row][vc_row css=&#8221;.vc_custom_1608750139807{margin-top: 10px !important;margin-bottom: 10px !important;padding-top: 0px !important;padding-bottom: 10px !important;}&#8221;][vc_column width=&#8221;1\/2&#8243;][vc_hoverbox image=&#8221;2715&#8243; primary_title=&#8221;Acidentes e emerg\u00eancias na ind\u00fastria qu\u00edmica&#8221; hover_title=&#8221;&#8221; hover_background_color=&#8221;custom&#8221; hover_btn_title=&#8221;Veja mais informa\u00e7\u00f5es&#8221; hover_btn_style=&#8221;outline-custom&#8221; hover_btn_outline_custom_color=&#8221;#ffffff&#8221; hover_btn_outline_custom_hover_background=&#8221;#666666&#8243; hover_btn_outline_custom_hover_text=&#8221;#ffffff&#8221; hover_add_button=&#8221;true&#8221; hover_custom_background=&#8221;#fe9673&#8243; el_class=&#8221;title-ppal&#8221; hover_btn_link=&#8221;url:http%3A%2F%2Fwww.laboratoriosanderson.com%2Fbr%2Fanalisis-industria-quimica%2F|title:Ind%C3%BAstria%20qu%C3%ADmica||&#8221;]<span style=\"color: #ffffff;\">Oferecemos servi\u00e7os anal\u00edticos, pesquisa e desenvolvimento de tecnologia (implementa\u00e7\u00e3o de novas metodologias), aplicados \u00e0 ind\u00fastria qu\u00edmica em geral, com t\u00e9cnicas de an\u00e1lise instrumental como HPLC, GC, UV-VIS, AA, etc.<\/span>[\/vc_hoverbox][\/vc_column][vc_column width=&#8221;1\/2&#8243;][vc_hoverbox image=&#8221;2717&#8243; primary_title=&#8221;Laborat\u00f3rio Farmac\u00eautico&#8221; hover_title=&#8221;&#8221; hover_background_color=&#8221;blue&#8221; hover_btn_title=&#8221;Veja mais informa\u00e7\u00f5es&#8221; hover_btn_style=&#8221;outline-custom&#8221; hover_btn_outline_custom_color=&#8221;#ffffff&#8221; hover_btn_outline_custom_hover_background=&#8221;#666666&#8243; hover_btn_outline_custom_hover_text=&#8221;#ffffff&#8221; hover_add_button=&#8221;true&#8221; el_class=&#8221;title-ppal&#8221; hover_btn_link=&#8221;url:http%3A%2F%2Flaboratoriosanderson.com%2Fbr%2Flaboratorios-farmaceuticos%2F|title:Laborat%C3%B3rio%20Farmac%C3%AAutico||&#8221;]<span style=\"color: #ffffff;\">Apoiamos a ind\u00fastria farmac\u00eautica na valida\u00e7\u00e3o e melhoria de seus processos, contando com pessoal e equipamentos treinados das mais altas tecnologias e respaldados pelo credenciamento da entidade credenciadora mexicana (Q-1236-197 \/ 20 INV-0623-005 \/ 15)<\/span>[\/vc_hoverbox][\/vc_column][\/vc_row][vc_row css=&#8221;.vc_custom_1608750139807{margin-top: 10px !important;margin-bottom: 10px !important;padding-top: 0px !important;padding-bottom: 10px !important;}&#8221;][vc_column width=&#8221;1\/2&#8243;][vc_hoverbox image=&#8221;3944&#8243; primary_title=&#8221;Veterin\u00e1rios&#8221; hover_title=&#8221;&#8221; hover_background_color=&#8221;custom&#8221; hover_btn_title=&#8221;Veja mais informa\u00e7\u00f5es&#8221; hover_btn_style=&#8221;outline-custom&#8221; hover_btn_outline_custom_color=&#8221;#ffffff&#8221; hover_btn_outline_custom_hover_background=&#8221;#666666&#8243; hover_btn_outline_custom_hover_text=&#8221;#ffffff&#8221; hover_add_button=&#8221;true&#8221; hover_custom_background=&#8221;#fe9673&#8243; el_class=&#8221;title-ppal&#8221; hover_btn_link=&#8221;url:https%3A%2F%2Flaboratoriosanderson.com%2Fanalisis-veterinarios%2F|title:Veterin%C3%A1rios||&#8221;]<span style=\"color: #ffffff;\">Avalia\u00e7\u00e3o anal\u00edtica e suporte regulat\u00f3rio que garantem a conformidade regulat\u00f3ria e o desempenho ao longo de todo o ciclo de vida do produto.<\/span>[\/vc_hoverbox][\/vc_column][vc_column width=&#8221;1\/2&#8243;][vc_hoverbox image=&#8221;3946&#8243; primary_title=&#8221;Cosm\u00e9ticos&#8221; hover_title=&#8221;&#8221; hover_background_color=&#8221;blue&#8221; hover_btn_title=&#8221;Veja mais informa\u00e7\u00f5es&#8221; hover_btn_style=&#8221;outline-custom&#8221; hover_btn_outline_custom_color=&#8221;#ffffff&#8221; hover_btn_outline_custom_hover_background=&#8221;#666666&#8243; hover_btn_outline_custom_hover_text=&#8221;#ffffff&#8221; hover_add_button=&#8221;true&#8221; el_class=&#8221;title-ppal&#8221; hover_btn_link=&#8221;url:https%3A%2F%2Flaboratoriosanderson.com%2Fanalisis-de-cosmeticos%2F|title:Cosm%C3%A9ticos||&#8221;]<span style=\"color: #ffffff;\">An\u00e1lises f\u00edsico-qu\u00edmicas e microbiol\u00f3gicas e estudos de estabilidade que comprovam a qualidade, a seguran\u00e7a e a conformidade regulamentar.<\/span>[\/vc_hoverbox][\/vc_column][\/vc_row][vc_row css=&#8221;.vc_custom_1608750139807{margin-top: 10px !important;margin-bottom: 10px !important;padding-top: 0px !important;padding-bottom: 10px !important;}&#8221;][vc_column width=&#8221;1\/2&#8243;][vc_hoverbox image=&#8221;3171&#8243; primary_title=&#8221;Estudo de Microbiologia&#8221; hover_title=&#8221;&#8221; hover_background_color=&#8221;custom&#8221; hover_btn_title=&#8221;Veja mais informa\u00e7\u00f5es&#8221; hover_btn_style=&#8221;outline-custom&#8221; hover_btn_outline_custom_color=&#8221;#ffffff&#8221; hover_btn_outline_custom_hover_background=&#8221;#666666&#8243; hover_btn_outline_custom_hover_text=&#8221;#ffffff&#8221; hover_add_button=&#8221;true&#8221; el_class=&#8221;title-ppal&#8221; hover_btn_link=&#8221;url:https%3A%2F%2Flaboratoriosanderson.com%2Festudio-de-microbiologia%2F|title:Treinamento||&#8221; hover_custom_background=&#8221;#a0ce84&#8243;]<\/p>\n<p style=\"text-align: center;\"><span style=\"color: #ffffff;\">Microbiologia<\/span><\/p>\n<p><span style=\"color: #ffffff;\">Garantimos a seguran\u00e7a dos seus produtos atrav\u00e9s da identifica\u00e7\u00e3o de microrganismos patog\u00eanicos.<\/span><br \/>\n<span style=\"color: #ffffff;\">Ajudamos a garantir o contexto dos ingredientes ativos em produtos org\u00e2nicos feitos de organismos vivos.<\/span><br \/>\n[\/vc_hoverbox][\/vc_column][vc_column width=&#8221;1\/2&#8243;][vc_hoverbox image=&#8221;2719&#8243; primary_title=&#8221;Treinamento&#8221; hover_title=&#8221;&#8221; hover_background_color=&#8221;custom&#8221; hover_btn_title=&#8221;Veja mais informa\u00e7\u00f5es&#8221; hover_btn_style=&#8221;outline-custom&#8221; hover_btn_outline_custom_color=&#8221;#ffffff&#8221; hover_btn_outline_custom_hover_background=&#8221;#666666&#8243; hover_btn_outline_custom_hover_text=&#8221;#ffffff&#8221; hover_add_button=&#8221;true&#8221; el_class=&#8221;title-ppal&#8221; hover_btn_link=&#8221;url:http%3A%2F%2Flaboratoriosanderson.com%2Fbr%2Fcapacitaciones|title:Treinamento||&#8221; hover_custom_background=&#8221;#8067a0&#8243;]<\/p>\n<p style=\"text-align: center;\"><span style=\"color: #ffffff;\">Oferecemos cursos de treinamento para:<\/span><\/p>\n<p style=\"text-align: center;\"><span style=\"color: #ffffff;\">\u2013 Higiene e seguran\u00e7a.<\/span><br \/>\n<span style=\"color: #ffffff;\">\u2013 Ordem, limpeza e disciplina atrav\u00e9s da metodologia dos 5.<\/span><br \/>\n<span style=\"color: #ffffff;\">\u2013 Auditores internos sob o ISO 19011.<\/span><br \/>\n<span style=\"color: #ffffff;\">\u2013 Ferramentas b\u00e1sicas de qualidade.<\/span><br \/>\n<span style=\"color: #ffffff;\">\u2013 Forma\u00e7\u00e3o de equipes de trabalho autodirigidas.<\/span><\/p>\n<p>[\/vc_hoverbox][\/vc_column][\/vc_row][vc_row full_width=&#8221;stretch_row_content&#8221; full_height=&#8221;yes&#8221; equal_height=&#8221;yes&#8221; css=&#8221;.vc_custom_1542156155566{background-color: #d6d6d6 !important;}&#8221;][vc_column][vc_column_text]<\/p>\n<h2 style=\"text-align: center;\">Nossos diferenciadores<\/h2>\n<p>[\/vc_column_text][vc_row_inner content_placement=&#8221;middle&#8221;][vc_column_inner width=&#8221;1\/3&#8243;]\n\t\t\t<div class=\"feature feature-3\">\n\t\t\t\t\n\t\t\t    <div class=\"left\">\n\t\t\t        <i class=\"ti-stats-up icon-sm\"><\/i>\n\t\t\t    <\/div>\n\t\t\t    <div class=\"right\">\n\t\t\t        <h5 class=\"uppercase mb16\"><\/h5>\n\t\t\t        <\/p>\n<p class=\"p2\">Interessado em garantir o registro de vendas em seus produtos.<\/p>\n<p>\n\n\t\t\t    <\/div>\n\t\t\t    \n\t\t\t<\/div>\n\t\t\n\t\t\t<div class=\"feature feature-3\">\n\t\t\t\t\n\t\t\t    <div class=\"left\">\n\t\t\t        <i class=\"ti-timer icon-sm\"><\/i>\n\t\t\t    <\/div>\n\t\t\t    <div class=\"right\">\n\t\t\t        <h5 class=\"uppercase mb16\"><\/h5>\n\t\t\t        <\/p>\n<p class=\"p2\">N\u00f3s fazemos um trabalho urgente.<\/p>\n<p>\n\n\t\t\t    <\/div>\n\t\t\t    \n\t\t\t<\/div>\n\t\t[\/vc_column_inner][vc_column_inner width=&#8221;1\/3&#8243;]\n\t\t\t<div class=\"feature feature-3\">\n\t\t\t\t\n\t\t\t    <div class=\"left\">\n\t\t\t        <i class=\"ti-alert icon-sm\"><\/i>\n\t\t\t    <\/div>\n\t\t\t    <div class=\"right\">\n\t\t\t        <h5 class=\"uppercase mb16\"><\/h5>\n\t\t\t        <\/p>\n<p class=\"p2\">Ajudamos a prevenir riscos \u00e0 sa\u00fade \/ liberamos o meio ambiente de poluentes.<\/p>\n<p>\n\n\t\t\t    <\/div>\n\t\t\t    \n\t\t\t<\/div>\n\t\t\n\t\t\t<div class=\"feature feature-3\">\n\t\t\t\t\n\t\t\t    <div class=\"left\">\n\t\t\t        <i class=\"ti-check-box icon-sm\"><\/i>\n\t\t\t    <\/div>\n\t\t\t    <div class=\"right\">\n\t\t\t        <h5 class=\"uppercase mb16\"><\/h5>\n\t\t\t        <\/p>\n<p class=\"p2\">Assist\u00eancia pessoal na interpreta\u00e7\u00e3o de todos os resultados dos testes.<\/p>\n<p>\n\n\t\t\t    <\/div>\n\t\t\t    \n\t\t\t<\/div>\n\t\t[\/vc_column_inner][vc_column_inner width=&#8221;1\/3&#8243;]\n\t\t\t<div class=\"feature feature-3\">\n\t\t\t\t\n\t\t\t    <div class=\"left\">\n\t\t\t        <i class=\"ti-files icon-sm\"><\/i>\n\t\t\t    <\/div>\n\t\t\t    <div class=\"right\">\n\t\t\t        <h5 class=\"uppercase mb16\"><\/h5>\n\t\t\t        <\/p>\n<p class=\"p2\">N\u00f3s garantimos o tempo para entregar relat\u00f3rios em espanhol \/ ingl\u00eas.<\/p>\n<p>\n\n\t\t\t    <\/div>\n\t\t\t    \n\t\t\t<\/div>\n\t\t\n\t\t\t<div class=\"feature feature-3\">\n\t\t\t\t\n\t\t\t    <div class=\"left\">\n\t\t\t        <i class=\"ti-medall icon-sm\"><\/i>\n\t\t\t    <\/div>\n\t\t\t    <div class=\"right\">\n\t\t\t        <h5 class=\"uppercase mb16\"><\/h5>\n\t\t\t        <\/p>\n<p class=\"p2\">Internacionalmente certificado<\/p>\n<p>\n\n\t\t\t    <\/div>\n\t\t\t    \n\t\t\t<\/div>\n\t\t[\/vc_column_inner][\/vc_row_inner][\/vc_column][\/vc_row][vc_row full_width=&#8221;stretch_row_content&#8221; full_height=&#8221;yes&#8221; equal_height=&#8221;yes&#8221;][vc_column][vc_row_inner content_placement=&#8221;middle&#8221;][vc_column_inner width=&#8221;1\/3&#8243;][vc_column_text css_animation=&#8221;fadeInLeft&#8221; css=&#8221;.vc_custom_1543972999505{margin-right: -50px !important;}&#8221;]<\/p>\n<p class=\"p1\" style=\"text-align: right; color: #5182bb;\">Ajudamos a <strong>prevenir riscos para a sa\u00fade<\/strong><\/p>\n<p>[\/vc_column_text][vc_column_text css_animation=&#8221;fadeInLeft&#8221; css=&#8221;.vc_custom_1543973015287{margin-top: 130px !important;margin-bottom: 110px !important;padding-top: 20px !important;}&#8221;]<\/p>\n<p class=\"p1\" style=\"text-align: right; color: #f5964f;\">Acreditado como laborat\u00f3rio de pesquisa pela <strong>EMA<\/strong>.<\/p>\n<p>[\/vc_column_text][vc_column_text css_animation=&#8221;fadeInLeft&#8221; css=&#8221;.vc_custom_1543973030960{margin-right: -50px !important;}&#8221;]<\/p>\n<p class=\"p1\" style=\"text-align: right; color: #50acc4;\">Laborat\u00f3rio de controle de qualidade em fertilizantes e pesticidas pela<strong> ICA-Col\u00f4mbia.<\/strong><\/p>\n<p>[\/vc_column_text][\/vc_column_inner][vc_column_inner width=&#8221;1\/3&#8243;][vc_single_image image=&#8221;1832&#8243; img_size=&#8221;full&#8221; alignment=&#8221;center&#8221; css_animation=&#8221;fadeIn&#8221;][\/vc_column_inner][vc_column_inner width=&#8221;1\/3&#8243;][vc_column_text css_animation=&#8221;fadeInRight&#8221; css=&#8221;.vc_custom_1608749410035{margin-left: -50px !important;}&#8221;]<\/p>\n<p class=\"p1\" style=\"color: #be5150;\">Confidencialidade em nossas an\u00e1lises<\/p>\n<p>[\/vc_column_text][vc_column_text css_animation=&#8221;fadeInRight&#8221; css=&#8221;.vc_custom_1543973063908{margin-top: 100px !important;margin-bottom: 110px !important;padding-top: 20px !important;}&#8221;]<\/p>\n<p class=\"p1\" style=\"color: #9cba5f;\">Libertamos o meio<strong> ambiente de contaminantes e apoiamos<\/strong> que a comida \u00e9 segura.<\/p>\n<p>[\/vc_column_text][vc_column_text css_animation=&#8221;fadeInRight&#8221; css=&#8221;.vc_custom_1543973078288{margin-left: -50px !important;}&#8221;]<\/p>\n<p class=\"p1\" style=\"color: #8066a0;\">Primeiro laborat\u00f3rio no M\u00e9xico Certificado internacionalmente em <strong>GLP-OECD.<\/strong><\/p>\n<p>[\/vc_column_text][\/vc_column_inner][\/vc_row_inner][\/vc_column][\/vc_row][vc_row full_width=&#8221;stretch_row_content&#8221; foundry_parallax=&#8221;not-parallax&#8221; css=&#8221;.vc_custom_1543967814204{background-image: url(http:\/\/www.laboratoriosanderson.com\/wp-content\/uploads\/2018\/10\/2.png?id=1601) !important;}&#8221;][vc_column css_animation=&#8221;fadeIn&#8221;][vc_row_inner][vc_column_inner width=&#8221;1\/3&#8243;][vc_column_text]<\/p>\n<p style=\"text-align: center;\"><a href=\"https:\/\/laboratoriosanderson.com\/laboratorio-de-ensayo\/\" rel=\"noopener\"><img loading=\"lazy\" decoding=\"async\" class=\"wp-image-2926 size-full aligncenter\" src=\"http:\/\/laboratoriosanderson.com\/wp-content\/uploads\/2022\/04\/EMA-laboratorio-ensayo.png\" alt=\"\" width=\"200\" height=\"200\" srcset=\"http:\/\/laboratoriosanderson.com\/wp-content\/uploads\/2022\/04\/EMA-laboratorio-ensayo.png 200w, http:\/\/laboratoriosanderson.com\/wp-content\/uploads\/2022\/04\/EMA-laboratorio-ensayo-150x150.png 150w, http:\/\/laboratoriosanderson.com\/wp-content\/uploads\/2022\/04\/EMA-laboratorio-ensayo-60x60.png 60w\" sizes=\"(max-width: 200px) 100vw, 200px\" \/><\/a><\/p>\n<p class=\"lead\" style=\"text-align: center;\"><a href=\"https:\/\/laboratoriosanderson.com\/laboratorio-de-ensayo\/\" rel=\"noopener\">Laborat\u00f3rio de Testes<\/a><\/p>\n<p>[\/vc_column_text][\/vc_column_inner][vc_column_inner width=&#8221;1\/3&#8243;][vc_column_text]<\/p>\n<p style=\"text-align: center;\"><a href=\"https:\/\/laboratoriosanderson.com\/acreditacion-laboratorio-de-investigacion\/\" rel=\"noopener\"><img loading=\"lazy\" decoding=\"async\" class=\"wp-image-2925 size-full aligncenter\" src=\"http:\/\/laboratoriosanderson.com\/wp-content\/uploads\/2022\/04\/EMA-certificado-investigacion.png\" alt=\"\" width=\"200\" height=\"200\" srcset=\"http:\/\/laboratoriosanderson.com\/wp-content\/uploads\/2022\/04\/EMA-certificado-investigacion.png 200w, http:\/\/laboratoriosanderson.com\/wp-content\/uploads\/2022\/04\/EMA-certificado-investigacion-150x150.png 150w, http:\/\/laboratoriosanderson.com\/wp-content\/uploads\/2022\/04\/EMA-certificado-investigacion-60x60.png 60w\" sizes=\"(max-width: 200px) 100vw, 200px\" \/><\/a><\/p>\n<p class=\"lead\" style=\"text-align: center;\"><a href=\"https:\/\/laboratoriosanderson.com\/acreditacion-laboratorio-de-investigacion\/\" rel=\"noopener\">Laborat\u00f3rio de Pesquisas<\/a><\/p>\n<p>[\/vc_column_text][\/vc_column_inner][vc_column_inner width=&#8221;1\/3&#8243;][vc_column_text]<\/p>\n<p style=\"text-align: center;\"><a href=\"https:\/\/laboratoriosanderson.com\/buenas-practicas-laboratorio-glp\/\" rel=\"noopener\"><img loading=\"lazy\" decoding=\"async\" class=\"wp-image-2939 size-full aligncenter\" src=\"http:\/\/laboratoriosanderson.com\/wp-content\/uploads\/2022\/04\/EMA-buenas-practicas-laboratorio.png\" alt=\"EMA-buenas-practicas laboratorio\" width=\"200\" height=\"200\" srcset=\"http:\/\/laboratoriosanderson.com\/wp-content\/uploads\/2022\/04\/EMA-buenas-practicas-laboratorio.png 200w, http:\/\/laboratoriosanderson.com\/wp-content\/uploads\/2022\/04\/EMA-buenas-practicas-laboratorio-150x150.png 150w, http:\/\/laboratoriosanderson.com\/wp-content\/uploads\/2022\/04\/EMA-buenas-practicas-laboratorio-60x60.png 60w\" sizes=\"(max-width: 200px) 100vw, 200px\" \/><\/a><\/p>\n<p class=\"lead\" style=\"text-align: center;\"><a href=\"https:\/\/laboratoriosanderson.com\/buenas-practicas-laboratorio-glp\/\" rel=\"noopener\">Boas Pr\u00e1ticas<\/a><br \/>\n<a href=\"https:\/\/laboratoriosanderson.com\/buenas-practicas-laboratorio-glp\/\" rel=\"noopener\">do Laborat\u00f3rio de GLP<\/a><\/p>\n<p>[\/vc_column_text][\/vc_column_inner][\/vc_row_inner][vc_row_inner][vc_column_inner width=&#8221;1\/3&#8243;][vc_column_text]<\/p>\n<p style=\"text-align: center;\"><a href=\"https:\/\/laboratoriosanderson.com\/registro-laboratorios-ica-colombia\/\" rel=\"noopener\"><img loading=\"lazy\" decoding=\"async\" class=\"wp-image-2226 size-full aligncenter\" src=\"http:\/\/laboratoriosanderson.com\/wp-content\/uploads\/2024\/04\/Certificado-6.png\" alt=\"\" width=\"200\" height=\"200\" \/><\/a><\/p>\n<p class=\"lead\" style=\"text-align: center;\"><a href=\"https:\/\/laboratoriosanderson.com\/registro-laboratorios-ica-colombia\/\" rel=\"noopener\">ICA-Col\u00f4mbia Laboratory Registry<\/a><\/p>\n<p>[\/vc_column_text][\/vc_column_inner][vc_column_inner width=&#8221;1\/3&#8243;][vc_column_text]<\/p>\n<p style=\"text-align: center;\"><a href=\"https:\/\/laboratoriosanderson.com\/distintivo-marca-guanajuato\/\" rel=\"noopener\"><img loading=\"lazy\" decoding=\"async\" class=\"wp-image-2088 size-full aligncenter\" src=\"http:\/\/laboratoriosanderson.com\/wp-content\/uploads\/2019\/01\/logo-marca-guanajuato.png\" alt=\"\" width=\"200\" height=\"200\" srcset=\"http:\/\/laboratoriosanderson.com\/wp-content\/uploads\/2019\/01\/logo-marca-guanajuato.png 200w, http:\/\/laboratoriosanderson.com\/wp-content\/uploads\/2019\/01\/logo-marca-guanajuato-150x150.png 150w, http:\/\/laboratoriosanderson.com\/wp-content\/uploads\/2019\/01\/logo-marca-guanajuato-60x60.png 60w\" sizes=\"(max-width: 200px) 100vw, 200px\" \/><\/a><\/p>\n<p class=\"lead\" style=\"text-align: center;\"><a href=\"https:\/\/laboratoriosanderson.com\/distintivo-marca-guanajuato\/\" rel=\"noopener\">Marca Distinta Guanajuato<\/a><\/p>\n<p>[\/vc_column_text][\/vc_column_inner][vc_column_inner width=&#8221;1\/3&#8243;][vc_column_text]<\/p>\n<p style=\"text-align: center;\"><a href=\"https:\/\/laboratoriosanderson.com\/tercer-autorizado-cofepris\/\" rel=\"noopener\"><img loading=\"lazy\" decoding=\"async\" class=\"wp-image-2229 size-full aligncenter\" src=\"http:\/\/laboratoriosanderson.com\/wp-content\/uploads\/2024\/04\/Certificado-5.png\" alt=\"\" width=\"200\" height=\"200\" \/><\/a><\/p>\n<p class=\"lead\" style=\"text-align: center;\"><a href=\"https:\/\/laboratoriosanderson.com\/tercer-autorizado-cofepris\/\" rel=\"noopener\">Terceiro Autorizado Cofepris<\/a><\/p>\n<p>[\/vc_column_text][\/vc_column_inner][\/vc_row_inner][\/vc_column][\/vc_row]<\/p>\n","protected":false},"excerpt":{"rendered":"<p>[vc_row full_width=&#8221;stretch_row&#8221;][vc_column][\/vc_column][\/vc_row][vc_row css=&#8221;.vc_custom_1608749586150{margin-top: 0px !important;margin-bottom: 10px !important;padding-top: 10px !important;padding-bottom: 10px !important;}&#8221;][vc_column width=&#8221;1\/2&#8243;][vc_hoverbox image=&#8221;2718&#8243; primary_title=&#8221;Fertilizantes&#8221; hover_title=&#8221;&#8221; hover_background_color=&#8221;custom&#8221; hover_btn_title=&#8221;Veja mais informa\u00e7\u00f5es&#8221; hover_btn_style=&#8221;outline-custom&#8221; hover_btn_outline_custom_color=&#8221;#ffffff&#8221;&#8230;<\/p>\n","protected":false},"author":1,"featured_media":0,"parent":0,"menu_order":0,"comment_status":"closed","ping_status":"closed","template":"","meta":{"footnotes":""},"class_list":["post-2650","page","type-page","status-publish","hentry"],"translation":{"provider":"WPGlobus","version":"3.0.2","language":"br","enabled_languages":["mx","en","br","zh"],"languages":{"mx":{"title":true,"content":true,"excerpt":false},"en":{"title":true,"content":true,"excerpt":false},"br":{"title":true,"content":true,"excerpt":false},"zh":{"title":true,"content":true,"excerpt":false}}},"_links":{"self":[{"href":"http:\/\/laboratoriosanderson.com\/br\/wp-json\/wp\/v2\/pages\/2650"}],"collection":[{"href":"http:\/\/laboratoriosanderson.com\/br\/wp-json\/wp\/v2\/pages"}],"about":[{"href":"http:\/\/laboratoriosanderson.com\/br\/wp-json\/wp\/v2\/types\/page"}],"author":[{"embeddable":true,"href":"http:\/\/laboratoriosanderson.com\/br\/wp-json\/wp\/v2\/users\/1"}],"replies":[{"embeddable":true,"href":"http:\/\/laboratoriosanderson.com\/br\/wp-json\/wp\/v2\/comments?post=2650"}],"version-history":[{"count":88,"href":"http:\/\/laboratoriosanderson.com\/br\/wp-json\/wp\/v2\/pages\/2650\/revisions"}],"predecessor-version":[{"id":3964,"href":"http:\/\/laboratoriosanderson.com\/br\/wp-json\/wp\/v2\/pages\/2650\/revisions\/3964"}],"wp:attachment":[{"href":"http:\/\/laboratoriosanderson.com\/br\/wp-json\/wp\/v2\/media?parent=2650"}],"curies":[{"name":"wp","href":"https:\/\/api.w.org\/{rel}","templated":true}]}}