{"id":1732,"date":"2018-10-25T03:19:18","date_gmt":"2018-10-25T03:19:18","guid":{"rendered":"http:\/\/www.laboratoriosanderson.com\/?page_id=1732"},"modified":"2026-02-24T20:36:55","modified_gmt":"2026-02-25T02:36:55","slug":"analisis-plaguicidas","status":"publish","type":"page","link":"http:\/\/laboratoriosanderson.com\/br\/analisis-plaguicidas\/","title":{"rendered":"\u25b6 An\u00e1lise de Pesticidas, Inseticidas e F\u00edsico-Qu\u00edmicos"},"content":{"rendered":"<p>[vc_row full_width=&#8221;stretch_row&#8221;][vc_column]<section class=\"cover  image-slider slider-all-controls controls-inside parallax\" style=\"height: 500px;\"><ul class=\"slides\"><li class=\"overlay image-bg\" style=\"height: 500px;\"><div class=\"background-image-holder\"><img loading=\"lazy\" decoding=\"async\" width=\"1300\" height=\"868\" src=\"http:\/\/laboratoriosanderson.com\/wp-content\/uploads\/2018\/10\/analisis-quimico-de-plaguicidas-min.jpg\" class=\"background-image\" alt=\"\" srcset=\"http:\/\/laboratoriosanderson.com\/wp-content\/uploads\/2018\/10\/analisis-quimico-de-plaguicidas-min.jpg 1300w, http:\/\/laboratoriosanderson.com\/wp-content\/uploads\/2018\/10\/analisis-quimico-de-plaguicidas-min-300x200.jpg 300w, http:\/\/laboratoriosanderson.com\/wp-content\/uploads\/2018\/10\/analisis-quimico-de-plaguicidas-min-768x513.jpg 768w, http:\/\/laboratoriosanderson.com\/wp-content\/uploads\/2018\/10\/analisis-quimico-de-plaguicidas-min-1024x684.jpg 1024w, http:\/\/laboratoriosanderson.com\/wp-content\/uploads\/2018\/10\/analisis-quimico-de-plaguicidas-min-600x400.jpg 600w\" sizes=\"(max-width: 1300px) 100vw, 1300px\" \/><\/div>\t\n\t\t    <div class=\"container v-align-transform\">\n\t\t        <div class=\"row\">\n\t\t            <div class=\"col-md-12 col-sm-12\">\n\t\t                <\/p>\n<h1>An\u00e1lise de Plaguicidas, Biocidas e Extratos Bot\u00e2nicos<\/h1>\n<p>\n\n\t\t            <\/div>\n\t\t        <\/div>\n\t\t    <\/div>\n\t\t<\/li><\/ul><\/section>[\/vc_column][\/vc_row][vc_row foundry_padding=&#8221;pt0 pb0&#8243; foundry_parallax=&#8221;not-parallax&#8221;][vc_column][vc_column_text]<\/p>\n<p style=\"text-align: center;\"><span style=\"color: #000000;\">Elevando a Seguran\u00e7a Agr\u00edcola com a Laboratorios Anderson!<\/span><\/p>\n<p><span style=\"color: #000000;\">Na Laboratorios Anderson, estamos comprometidos com a seguran\u00e7a alimentar e ambiental e temos orgulho de <strong>oferecer servi\u00e7os especializados na an\u00e1lise de plaguicidas<\/strong>. Com nossa acredita\u00e7\u00e3o <strong>GLP-OECD e ISO-17025,<\/strong> garantimos a precis\u00e3o e a confiabilidade de nossos estudos f\u00edsico-qu\u00edmicos, proporcionando tranquilidade aos nossos clientes na gest\u00e3o de plaguicidas.<\/span><\/p>\n<p><span style=\"color: #000000;\">Os plaguicidas desempenham um papel crucial na prote\u00e7\u00e3o das culturas agr\u00edcolas contra insetos, doen\u00e7as e ervas daninhas. No entanto, seu <strong>uso adequado e seguro<\/strong> exige um rigoroso controle e an\u00e1lise de sua composi\u00e7\u00e3o. Na Laboratorios Anderson, compreendemos a import\u00e2ncia de <strong>garantir a qualidade e a seguran\u00e7a<\/strong> no uso de plaguicidas, e nossa equipe est\u00e1 capacitada para realizar an\u00e1lises f\u00edsico-qu\u00edmicas detalhadas para assegurar sua efic\u00e1cia e conformidade regulat\u00f3ria.<\/span><\/p>\n<p><span style=\"color: #000000;\">Contamos com <strong>tecnologia de ponta e metodologias anal\u00edticas avan\u00e7adas<\/strong> que nos permitem detectar e quantificar plaguicidas com precis\u00e3o incompar\u00e1vel. Da cromatografia l\u00edquida \u00e0 espectrometria de massas, estamos equipados para enfrentar qualquer desafio anal\u00edtico e fornecer resultados confi\u00e1veis e precisos em todos os momentos.<\/span><\/p>\n<p><span style=\"color: #000000;\">Nossos estudos f\u00edsico-qu\u00edmicos n\u00e3o apenas permitem a identifica\u00e7\u00e3o e quantifica\u00e7\u00e3o de plaguicidas, como tamb\u00e9m <strong>asseguram a conformidade com as regulamenta\u00e7\u00f5es e normas pertinentes.<\/strong> Isso garante a seguran\u00e7a dos alimentos, protege a sa\u00fade humana e ambiental e ajuda os agricultores a otimizar o uso de plaguicidas para maximizar sua efic\u00e1cia e minimizar impactos negativos.<\/span><\/p>\n<p><span style=\"color: #000000;\">Qualidade e seguran\u00e7a s\u00e3o fundamentais em tudo o que fazemos. Nossa acredita\u00e7\u00e3o GLP-OECD e ISO-17025 demonstra nosso compromisso com os mais altos padr\u00f5es de qualidade e nos permite oferecer resultados confi\u00e1veis e precisos nos quais nossos clientes podem confiar.<\/span><\/p>\n<p><span style=\"color: #000000;\">Trabalhamos com numerosos clientes na ind\u00fastria agr\u00edcola e de pesticidas, ajudando-os a garantir a qualidade e a seguran\u00e7a de seus produtos. Nossos casos de sucesso e depoimentos destacam como nossas an\u00e1lises f\u00edsico-qu\u00edmicas contribu\u00edram para melhorar a efic\u00e1cia dos plaguicidas, proteger a sa\u00fade p\u00fablica e o meio ambiente e cumprir os requisitos normativos.<\/span><\/p>\n<p><span style=\"color: #000000;\">Na Laboratorios Anderson, comprometemo-nos a promover a inova\u00e7\u00e3o e o desenvolvimento sustent\u00e1vel no uso de plaguicidas. Nossos estudos f\u00edsico-qu\u00edmicos ajudam a identificar oportunidades para a otimiza\u00e7\u00e3o de f\u00f3rmulas, a redu\u00e7\u00e3o de res\u00edduos e a melhoria de pr\u00e1ticas agr\u00edcolas sustent\u00e1veis, protegendo assim a sa\u00fade do planeta para as futuras gera\u00e7\u00f5es.<\/span><\/p>\n<p><span style=\"color: #000000;\">Voc\u00ea est\u00e1 buscando garantir a qualidade e a seguran\u00e7a de seus produtos agr\u00edcolas por meio de an\u00e1lises f\u00edsico-qu\u00edmicas de plaguicidas? Entre em contato conosco hoje mesmo para obter mais informa\u00e7\u00f5es sobre nossos servi\u00e7os e descubra como podemos ajud\u00e1-lo a alcan\u00e7ar seus objetivos comerciais e ambientais espec\u00edficos!<\/span>[\/vc_column_text][vc_column_text]<\/p>\n<h3 style=\"text-align: center;\"><span style=\"color: #000000;\"><u>Lista de An\u00e1lises<\/u><\/span><\/h3>\n<p>[\/vc_column_text][vc_tta_tabs active_section=&#8221;1&#8243; el_id=&#8221;pestanas-titulos&#8221;][vc_tta_section title=&#8221;Inseticidas e Fungicidas&#8221; tab_id=&#8221;1546906173292-5c5f270b-a978&#8243;][vc_row_inner][vc_column_inner width=&#8221;1\/3&#8243;][vc_column_text]<\/p>\n<ul>\n<li><span style=\"color: #000000;\">Determina\u00e7\u00e3o de Abamectina<\/span><\/li>\n<li><span style=\"color: #000000;\">Determina\u00e7\u00e3o de \u00d3leo mineral<\/span><\/li>\n<li><span style=\"color: #000000;\">Determina\u00e7\u00e3o de Acefato<\/span><\/li>\n<li><span style=\"color: #000000;\">Determina\u00e7\u00e3o de Acetamiprida<\/span><\/li>\n<li><span style=\"color: #000000;\">Determina\u00e7\u00e3o de Alfa-cipermetrina<\/span><\/li>\n<li><span style=\"color: #000000;\">Determina\u00e7\u00e3o de Alicina<\/span><\/li>\n<li><span style=\"color: #000000;\">Determina\u00e7\u00e3o de Amitraz<\/span><\/li>\n<li><span style=\"color: #000000;\">Determina\u00e7\u00e3o de Azaridactina<\/span><\/li>\n<li><span style=\"color: #000000;\">Determina\u00e7\u00e3o de Azoxistrobina<\/span><\/li>\n<li><span style=\"color: #000000;\">Determina\u00e7\u00e3o de Azoxistrobina + Ciproconazol<\/span><\/li>\n<li><span style=\"color: #000000;\">Determina\u00e7\u00e3o de Benzoato de emamectina<\/span><\/li>\n<li><span style=\"color: #000000;\">Determina\u00e7\u00e3o de Benomilo<\/span><\/li>\n<li><span style=\"color: #000000;\">Determina\u00e7\u00e3o de Bifentrina<\/span><\/li>\n<li><span style=\"color: #000000;\">Determina\u00e7\u00e3o de Buprofezina<\/span><\/li>\n<li><span style=\"color: #000000;\">Determina\u00e7\u00e3o de But\u00f3xido de piperonila<\/span><\/li>\n<li><span style=\"color: #000000;\">Determina\u00e7\u00e3o de Captana<\/span><\/li>\n<li><span style=\"color: #000000;\">Determina\u00e7\u00e3o de Carbendazim<\/span><\/li>\n<li><span style=\"color: #000000;\">Determina\u00e7\u00e3o de Carbofurano<\/span><\/li>\n<li><span style=\"color: #000000;\">Determina\u00e7\u00e3o de Cifenotrina<\/span><\/li>\n<li><span style=\"color: #000000;\">Determina\u00e7\u00e3o de Cimoxanil<\/span><\/li>\n<li><span style=\"color: #000000;\">Determina\u00e7\u00e3o de Cinamalde\u00eddo<\/span><\/li>\n<li><span style=\"color: #000000;\">Determina\u00e7\u00e3o de Cipermetrina<\/span><\/li>\n<li><span style=\"color: #000000;\">Determina\u00e7\u00e3o de Ciproconazole<\/span><\/li>\n<li><span style=\"color: #000000;\">Determina\u00e7\u00e3o de Clorpirif\u00f3s<\/span><\/li>\n<li><span style=\"color: #000000;\">Determina\u00e7\u00e3o de Clorpirif\u00f3s + permetrina<\/span><\/li>\n<li><span style=\"color: #000000;\">Determina\u00e7\u00e3o de Clothianidin<\/span><\/li>\n<li><span style=\"color: #000000;\">Determina\u00e7\u00e3o de Deet (N,N-Dietil-meta-tuolamida)<\/span><\/li>\n<li><span style=\"color: #000000;\">Determina\u00e7\u00e3o de Deltametrina<\/span><\/li>\n<\/ul>\n<p>[\/vc_column_text][\/vc_column_inner][vc_column_inner width=&#8221;1\/3&#8243;][vc_column_text]<\/p>\n<ul>\n<li><span style=\"color: #000000;\">Determina\u00e7\u00e3o de Diazinon<\/span><\/li>\n<li><span style=\"color: #000000;\">Determina\u00e7\u00e3o de Dicamba<\/span><\/li>\n<li><span style=\"color: #000000;\">Determina\u00e7\u00e3o de Diclorvos<\/span><\/li>\n<li><span style=\"color: #000000;\">Determina\u00e7\u00e3o de Difenoconazol<\/span><\/li>\n<li><span style=\"color: #000000;\">Determina\u00e7\u00e3o de Diflubenzuron<\/span><\/li>\n<li><span style=\"color: #000000;\">Determina\u00e7\u00e3o de Dimetoato<\/span><\/li>\n<li><span style=\"color: #000000;\">Determina\u00e7\u00e3o de Dimetomorph<\/span><\/li>\n<li><span style=\"color: #000000;\">Determina\u00e7\u00e3o de Dodine<\/span><\/li>\n<li><span style=\"color: #000000;\">Determina\u00e7\u00e3o de Dinotefuran<\/span><\/li>\n<li><span style=\"color: #000000;\">Determina\u00e7\u00e3o de Epoxiconazol<\/span><\/li>\n<li><span style=\"color: #000000;\">Determina\u00e7\u00e3o de Famesapen<\/span><\/li>\n<li><span style=\"color: #000000;\">Determina\u00e7\u00e3o de Fenamiphos<\/span><\/li>\n<li><span style=\"color: #000000;\">Determina\u00e7\u00e3o de Fenotrina<\/span><\/li>\n<li><span style=\"color: #000000;\">Determina\u00e7\u00e3o de Fenotrina + Tetrametrina<\/span><\/li>\n<li><span style=\"color: #000000;\">Determina\u00e7\u00e3o de Fipronil<\/span><\/li>\n<li><span style=\"color: #000000;\">Determina\u00e7\u00e3o de Fluazinam<\/span><\/li>\n<li><span style=\"color: #000000;\">Determina\u00e7\u00e3o de Flutriafol<\/span><\/li>\n<li><span style=\"color: #000000;\">Determina\u00e7\u00e3o de Folpet<\/span><\/li>\n<li><span style=\"color: #000000;\">Determina\u00e7\u00e3o de Fosetil alum\u00ednio<\/span><\/li>\n<li><span style=\"color: #000000;\">Determina\u00e7\u00e3o de Hexitiazox<\/span><\/li>\n<li><span style=\"color: #000000;\">Determina\u00e7\u00e3o de Imidacloprid<\/span><\/li>\n<li><span style=\"color: #000000;\">Determina\u00e7\u00e3o de Iprodione<\/span><\/li>\n<li><span style=\"color: #000000;\">Determina\u00e7\u00e3o de is\u00f4meros de cipermetrina<\/span><\/li>\n<li><span style=\"color: #000000;\">Determina\u00e7\u00e3o de Kresoxim Methyl<\/span><\/li>\n<li><span style=\"color: #000000;\">Determina\u00e7\u00e3o de Lambda cihalotrina<\/span><\/li>\n<li><span style=\"color: #000000;\">Determina\u00e7\u00e3o de Lufenuron<\/span><\/li>\n<li><span style=\"color: #000000;\">Determina\u00e7\u00e3o de Malathion<\/span><\/li>\n<li><span style=\"color: #000000;\">Determina\u00e7\u00e3o de Mancozeb<\/span><\/li>\n<li><span style=\"color: #000000;\">Determina\u00e7\u00e3o de Metalaxyl<\/span><\/li>\n<li><span style=\"color: #000000;\">Determina\u00e7\u00e3o de Metam-s\u00f3dio<\/span><\/li>\n<li><span style=\"color: #000000;\">Determina\u00e7\u00e3o de Methamidofos<\/span><\/li>\n<\/ul>\n<p>[\/vc_column_text][\/vc_column_inner][vc_column_inner width=&#8221;1\/3&#8243;][vc_column_text]<\/p>\n<ul>\n<li><span style=\"color: #000000;\">Determina\u00e7\u00e3o de Metoflutrina<\/span><\/li>\n<li><span style=\"color: #000000;\">Determina\u00e7\u00e3o de Metoxifenozide<\/span><\/li>\n<li><span style=\"color: #000000;\">Determina\u00e7\u00e3o de Metomilo<\/span><\/li>\n<li><span style=\"color: #000000;\">Determina\u00e7\u00e3o de Permetrina<\/span><\/li>\n<li><span style=\"color: #000000;\">Determina\u00e7\u00e3o de Piretrinas<\/span><\/li>\n<li><span style=\"color: #000000;\">Determina\u00e7\u00e3o de Piruvato de s\u00f3dio<\/span><\/li>\n<li><span style=\"color: #000000;\">Determina\u00e7\u00e3o de Praletrina<\/span><\/li>\n<li><span style=\"color: #000000;\">Determina\u00e7\u00e3o de Procloraz<\/span><\/li>\n<li><span style=\"color: #000000;\">Determina\u00e7\u00e3o de propiconazol<\/span><\/li>\n<li><span style=\"color: #000000;\">Determina\u00e7\u00e3o de Propoxur<\/span><\/li>\n<li><span style=\"color: #000000;\">Determina\u00e7\u00e3o de Pyridalil<\/span><\/li>\n<li><span style=\"color: #000000;\">Determina\u00e7\u00e3o de s-bioaletrina<\/span><\/li>\n<li><span style=\"color: #000000;\">Determina\u00e7\u00e3o de s-bioaletrina + permetrina<\/span><\/li>\n<li><span style=\"color: #000000;\">Determina\u00e7\u00e3o de spilanthol<\/span><\/li>\n<li><span style=\"color: #000000;\">Determina\u00e7\u00e3o de Spinosad<\/span><\/li>\n<li><span style=\"color: #000000;\">Determina\u00e7\u00e3o de Spirodiclofen<\/span><\/li>\n<li><span style=\"color: #000000;\">Determina\u00e7\u00e3o de Tebuconazole<\/span><\/li>\n<li><span style=\"color: #000000;\">Determina\u00e7\u00e3o de Tebupirimfos<\/span><\/li>\n<li><span style=\"color: #000000;\">Determina\u00e7\u00e3o de Temefos<\/span><\/li>\n<li><span style=\"color: #000000;\">Determina\u00e7\u00e3o de Terbufos<\/span><\/li>\n<li><span style=\"color: #000000;\">Determina\u00e7\u00e3o de Terbutrina<\/span><\/li>\n<li><span style=\"color: #000000;\">Determina\u00e7\u00e3o de Tetrametrina<\/span><\/li>\n<li><span style=\"color: #000000;\">Determina\u00e7\u00e3o de Tiabendazol<\/span><\/li>\n<li><span style=\"color: #000000;\">Determina\u00e7\u00e3o de Tiametoxam<\/span><\/li>\n<li><span style=\"color: #000000;\">Determina\u00e7\u00e3o de Tiodicarb<\/span><\/li>\n<li><span style=\"color: #000000;\">Determina\u00e7\u00e3o de Tiofanato met\u00edlico<\/span><\/li>\n<li><span style=\"color: #000000;\">Determina\u00e7\u00e3o de Transflutrina<\/span><\/li>\n<li><span style=\"color: #000000;\">Determina\u00e7\u00e3o de Trifloxystrobin<\/span><\/li>\n<li><span style=\"color: #000000;\">Determina\u00e7\u00e3o de Tricloplyr<\/span><\/li>\n<li><span style=\"color: #000000;\">Determina\u00e7\u00e3o de Triforina<\/span><\/li>\n<li><span style=\"color: #000000;\">Determina\u00e7\u00e3o de Z-cipermetrina<\/span><\/li>\n<li><span style=\"color: #000000;\">Determina\u00e7\u00e3o de Zoxamida + Cimoxanil<\/span><\/li>\n<\/ul>\n<p>[\/vc_column_text][\/vc_column_inner][\/vc_row_inner][\/vc_tta_section][vc_tta_section title=&#8221;Herbicidas&#8221; tab_id=&#8221;1546906173314-b1cdf94a-f13c&#8221;][vc_row_inner][vc_column_inner width=&#8221;1\/3&#8243;][vc_column_text]<\/p>\n<ul>\n<li><span style=\"color: #000000;\">Determina\u00e7\u00e3o de 2,4 D-butylester<\/span><\/li>\n<li><span style=\"color: #000000;\">Determina\u00e7\u00e3o de 2,4-D<\/span><\/li>\n<li><span style=\"color: #000000;\">Determina\u00e7\u00e3o de 2,4-D + Picloram<\/span><\/li>\n<li><span style=\"color: #000000;\">Determina\u00e7\u00e3o de 2,4-D \u00e9ster isoct\u00edlico<\/span><\/li>\n<li><span style=\"color: #000000;\">Determina\u00e7\u00e3o de Ametrina<\/span><\/li>\n<li><span style=\"color: #000000;\">Determina\u00e7\u00e3o de Ametrina + 2,4 D-butylester<\/span><\/li>\n<li><span style=\"color: #000000;\">Determina\u00e7\u00e3o de Atrazina<\/span><\/li>\n<li><span style=\"color: #000000;\">Determina\u00e7\u00e3o de Atrazina + Ametrina<\/span><\/li>\n<li><span style=\"color: #000000;\">Determina\u00e7\u00e3o de Atrazina + Dicamba<\/span><\/li>\n<li><span style=\"color: #000000;\">Determina\u00e7\u00e3o de Atrazina + Terbutrina<\/span><\/li>\n<li><span style=\"color: #000000;\">Determina\u00e7\u00e3o de Bromacil<\/span><\/li>\n<\/ul>\n<p>[\/vc_column_text][\/vc_column_inner][vc_column_inner width=&#8221;1\/3&#8243;][vc_column_text]<\/p>\n<ul>\n<li><span style=\"color: #000000;\">Determina\u00e7\u00e3o de Clorotalonil<\/span><\/li>\n<li><span style=\"color: #000000;\">Determina\u00e7\u00e3o de cloreto de mepiquat<\/span><\/li>\n<li><span style=\"color: #000000;\">Determina\u00e7\u00e3o de Dimetenamida<\/span><\/li>\n<li><span style=\"color: #000000;\">Determina\u00e7\u00e3o de Diuron<\/span><\/li>\n<li><span style=\"color: #000000;\">Determina\u00e7\u00e3o de Diuron + Bromacil<\/span><\/li>\n<li><span style=\"color: #000000;\">Determina\u00e7\u00e3o de Diuron + Hexazinona<\/span><\/li>\n<li><span style=\"color: #000000;\">Determina\u00e7\u00e3o de Fomesafen<\/span><\/li>\n<li><span style=\"color: #000000;\">Determina\u00e7\u00e3o de Glufosinato de am\u00f4nio<\/span><\/li>\n<li><span style=\"color: #000000;\">Determina\u00e7\u00e3o de Hexazinona<\/span><\/li>\n<li><span style=\"color: #000000;\">Determina\u00e7\u00e3o de Imazapir<\/span><\/li>\n<li><span style=\"color: #000000;\">Determina\u00e7\u00e3o de Imazetapir<\/span><\/li>\n<\/ul>\n<p>[\/vc_column_text][\/vc_column_inner][vc_column_inner width=&#8221;1\/3&#8243;][vc_column_text]<\/p>\n<ul>\n<li><span style=\"color: #000000;\">Determina\u00e7\u00e3o de Imazosulfuron<\/span><\/li>\n<li><span style=\"color: #000000;\">Determina\u00e7\u00e3o de Mesotrione<\/span><\/li>\n<li><span style=\"color: #000000;\">Determina\u00e7\u00e3o de Metribuzin<\/span><\/li>\n<li><span style=\"color: #000000;\">Determina\u00e7\u00e3o de Nicosulfuron<\/span><\/li>\n<li><span style=\"color: #000000;\">Determina\u00e7\u00e3o de Oxifluorfen<\/span><\/li>\n<li><span style=\"color: #000000;\">Determina\u00e7\u00e3o de Pendimetalin<\/span><\/li>\n<li><span style=\"color: #000000;\">Determina\u00e7\u00e3o de Paraquat<\/span><\/li>\n<li><span style=\"color: #000000;\">Determina\u00e7\u00e3o de Picloram<\/span><\/li>\n<li><span style=\"color: #000000;\">Determina\u00e7\u00e3o de Quinclorac<\/span><\/li>\n<li><span style=\"color: #000000;\">Determina\u00e7\u00e3o de Quizalofop-p-etil<\/span><\/li>\n<li><span style=\"color: #000000;\">Determina\u00e7\u00e3o de Terbutrina<\/span><\/li>\n<li><span style=\"color: #000000;\">Determina\u00e7\u00e3o de Triclorpyr<\/span><\/li>\n<\/ul>\n<p>[\/vc_column_text][\/vc_column_inner][\/vc_row_inner][\/vc_tta_section][vc_tta_section title=&#8221;Extratos Bot\u00e2nicos&#8221; tab_id=&#8221;1771985751626-f8b37d3e-36e0&#8243;][vc_row_inner][vc_column_inner width=&#8221;1\/3&#8243;][vc_column_text]<\/p>\n<ul>\n<li>Algas: \u00c1cido alg\u00ednico<\/li>\n<li>Governadora: \u00c1cido nordihidroguayar\u00e9tico (NDGA)<\/li>\n<li>R,S-Anabasina<\/li>\n<li>Neem: Azadiractina<\/li>\n<li>Barbalo\u00edna (alo\u00edn)<\/li>\n<li>Pimenta: Capsaicina<\/li>\n<li>Canela: cinamalde\u00eddo<\/li>\n<li>Chilcuague: Espilantol<\/li>\n<li>Eugenol<\/li>\n<li>Eucaliptol<\/li>\n<\/ul>\n<p>[\/vc_column_text][\/vc_column_inner][vc_column_inner width=&#8221;1\/3&#8243;][vc_column_text]<\/p>\n<ul>\n<li>Mentona<\/li>\n<li>Melaleuca alternifolia= \u00e1rvore do ch\u00e1= terpinen-4-ol<\/li>\n<li>Nicotina<\/li>\n<li>d-limoneno<\/li>\n<li>safrole<\/li>\n<li>Alecrim: Timol<\/li>\n<li>Auxinas: \u00e1cido indol-3-but\u00edrico \/\/ \u00e1cido indolac\u00e9tico \/\/ \u00e1cido naftalenac\u00e9tico<\/li>\n<li>Citocininas: Kinetina= 6-fufurilaminopurina= 6-furfuriladenina \/\/ 6-bencilaminopurina=<\/li>\n<li>6-Benciladenina = 6B \/\/ thidiazuron \/\/ forclorfenuron<\/li>\n<\/ul>\n<p>[\/vc_column_text][\/vc_column_inner][vc_column_inner width=&#8221;1\/3&#8243;][vc_column_text]<\/p>\n<ul>\n<li>Giberelinas: G4, G7 e \u00e1cido giber\u00e9lico= G3<\/li>\n<li>Sesamol<\/li>\n<li>Sesamina<\/li>\n<li>Sesamolina<\/li>\n<li>Matrina<\/li>\n<li>\u00c1cidos graxos<\/li>\n<li>Taninos<\/li>\n<li>Fen\u00f3is<\/li>\n<li>Flavonoides<\/li>\n<li>Niacina<\/li>\n<li>Alho: Piruvato de s\u00f3dio e mais&#8230;<\/li>\n<\/ul>\n<p>[\/vc_column_text][\/vc_column_inner][\/vc_row_inner][\/vc_tta_section][\/vc_tta_tabs][\/vc_column][\/vc_row]<\/p>\n","protected":false},"excerpt":{"rendered":"<p>[vc_row full_width=&#8221;stretch_row&#8221;][vc_column][\/vc_column][\/vc_row][vc_row foundry_padding=&#8221;pt0 pb0&#8243; foundry_parallax=&#8221;not-parallax&#8221;][vc_column][vc_column_text] Elevando a Seguran\u00e7a Agr\u00edcola com a Laboratorios Anderson! Na Laboratorios Anderson, estamos comprometidos com a seguran\u00e7a&#8230;<\/p>\n","protected":false},"author":1,"featured_media":0,"parent":0,"menu_order":0,"comment_status":"closed","ping_status":"closed","template":"","meta":{"footnotes":""},"class_list":["post-1732","page","type-page","status-publish","hentry"],"translation":{"provider":"WPGlobus","version":"3.0.2","language":"br","enabled_languages":["mx","en","br","zh"],"languages":{"mx":{"title":true,"content":true,"excerpt":false},"en":{"title":true,"content":true,"excerpt":false},"br":{"title":true,"content":true,"excerpt":false},"zh":{"title":true,"content":true,"excerpt":false}}},"_links":{"self":[{"href":"http:\/\/laboratoriosanderson.com\/br\/wp-json\/wp\/v2\/pages\/1732"}],"collection":[{"href":"http:\/\/laboratoriosanderson.com\/br\/wp-json\/wp\/v2\/pages"}],"about":[{"href":"http:\/\/laboratoriosanderson.com\/br\/wp-json\/wp\/v2\/types\/page"}],"author":[{"embeddable":true,"href":"http:\/\/laboratoriosanderson.com\/br\/wp-json\/wp\/v2\/users\/1"}],"replies":[{"embeddable":true,"href":"http:\/\/laboratoriosanderson.com\/br\/wp-json\/wp\/v2\/comments?post=1732"}],"version-history":[{"count":57,"href":"http:\/\/laboratoriosanderson.com\/br\/wp-json\/wp\/v2\/pages\/1732\/revisions"}],"predecessor-version":[{"id":3937,"href":"http:\/\/laboratoriosanderson.com\/br\/wp-json\/wp\/v2\/pages\/1732\/revisions\/3937"}],"wp:attachment":[{"href":"http:\/\/laboratoriosanderson.com\/br\/wp-json\/wp\/v2\/media?parent=1732"}],"curies":[{"name":"wp","href":"https:\/\/api.w.org\/{rel}","templated":true}]}}